{"id":1265,"date":"2022-03-25T18:48:48","date_gmt":"2022-03-25T18:48:48","guid":{"rendered":"http:\/\/allcleansa.xyz\/?page_id=1265"},"modified":"2022-03-25T18:55:03","modified_gmt":"2022-03-25T18:55:03","slug":"politicas-de-calidad","status":"publish","type":"page","link":"http:\/\/allcleansa.xyz\/?page_id=1265","title":{"rendered":"Politicas de Calidad"},"content":{"rendered":"\t\t<div data-elementor-type=\"wp-page\" data-elementor-id=\"1265\" class=\"elementor elementor-1265\">\n\t\t\t\t\t\t\t\t\t<section class=\"elementor-section elementor-top-section elementor-element elementor-element-ea5e904 elementor-section-content-middle elementor-section-boxed elementor-section-height-default elementor-section-height-default\" data-id=\"ea5e904\" data-element_type=\"section\" data-settings=\"{&quot;background_background&quot;:&quot;classic&quot;}\">\n\t\t\t\t\t\t\t<div class=\"elementor-background-overlay\"><\/div>\n\t\t\t\t\t\t\t<div class=\"elementor-container elementor-column-gap-no\">\n\t\t\t\t\t<div class=\"elementor-column elementor-col-100 elementor-top-column elementor-element elementor-element-d122357\" data-id=\"d122357\" data-element_type=\"column\">\n\t\t\t<div class=\"elementor-widget-wrap elementor-element-populated\">\n\t\t\t\t\t\t\t\t<div class=\"elementor-element elementor-element-32e0ac0 elementor-position-left elementor-vertical-align-top elementor-widget elementor-widget-image-box\" data-id=\"32e0ac0\" data-element_type=\"widget\" data-widget_type=\"image-box.default\">\n\t\t\t\t<div class=\"elementor-widget-container\">\n\t\t\t<style>\/*! elementor - v3.6.5 - 27-04-2022 *\/\n.elementor-widget-image-box .elementor-image-box-content{width:100%}@media (min-width:768px){.elementor-widget-image-box.elementor-position-left .elementor-image-box-wrapper,.elementor-widget-image-box.elementor-position-right .elementor-image-box-wrapper{display:-webkit-box;display:-ms-flexbox;display:flex}.elementor-widget-image-box.elementor-position-right .elementor-image-box-wrapper{text-align:right;-webkit-box-orient:horizontal;-webkit-box-direction:reverse;-ms-flex-direction:row-reverse;flex-direction:row-reverse}.elementor-widget-image-box.elementor-position-left .elementor-image-box-wrapper{text-align:left;-webkit-box-orient:horizontal;-webkit-box-direction:normal;-ms-flex-direction:row;flex-direction:row}.elementor-widget-image-box.elementor-position-top .elementor-image-box-img{margin:auto}.elementor-widget-image-box.elementor-vertical-align-top .elementor-image-box-wrapper{-webkit-box-align:start;-ms-flex-align:start;align-items:flex-start}.elementor-widget-image-box.elementor-vertical-align-middle .elementor-image-box-wrapper{-webkit-box-align:center;-ms-flex-align:center;align-items:center}.elementor-widget-image-box.elementor-vertical-align-bottom .elementor-image-box-wrapper{-webkit-box-align:end;-ms-flex-align:end;align-items:flex-end}}@media (max-width:767px){.elementor-widget-image-box .elementor-image-box-img{margin-left:auto!important;margin-right:auto!important;margin-bottom:15px}}.elementor-widget-image-box .elementor-image-box-img{display:inline-block}.elementor-widget-image-box .elementor-image-box-title a{color:inherit}.elementor-widget-image-box .elementor-image-box-wrapper{text-align:center}.elementor-widget-image-box .elementor-image-box-description{margin:0}<\/style><div class=\"elementor-image-box-wrapper\"><div class=\"elementor-image-box-content\"><h1 class=\"elementor-image-box-title\">Politicas de Calidad<\/h1><\/div><\/div>\t\t<\/div>\n\t\t\t\t<\/div>\n\t\t\t\t\t<\/div>\n\t\t<\/div>\n\t\t\t\t\t\t\t<\/div>\n\t\t<\/section>\n\t\t\t\t<section class=\"elementor-section elementor-top-section elementor-element elementor-element-52a72ac elementor-section-boxed elementor-section-height-default elementor-section-height-default\" data-id=\"52a72ac\" data-element_type=\"section\" data-settings=\"{&quot;background_background&quot;:&quot;classic&quot;}\">\n\t\t\t\t\t\t<div class=\"elementor-container elementor-column-gap-no\">\n\t\t\t\t\t<div class=\"elementor-column elementor-col-66 elementor-top-column elementor-element elementor-element-c38404f\" data-id=\"c38404f\" data-element_type=\"column\">\n\t\t\t<div class=\"elementor-widget-wrap elementor-element-populated\">\n\t\t\t\t\t\t\t\t<div class=\"elementor-element elementor-element-79d0a00 elementor-widget elementor-widget-heading\" data-id=\"79d0a00\" data-element_type=\"widget\" data-widget_type=\"heading.default\">\n\t\t\t\t<div class=\"elementor-widget-container\">\n\t\t\t<style>\/*! elementor - v3.6.5 - 27-04-2022 *\/\n.elementor-heading-title{padding:0;margin:0;line-height:1}.elementor-widget-heading .elementor-heading-title[class*=elementor-size-]>a{color:inherit;font-size:inherit;line-height:inherit}.elementor-widget-heading .elementor-heading-title.elementor-size-small{font-size:15px}.elementor-widget-heading .elementor-heading-title.elementor-size-medium{font-size:19px}.elementor-widget-heading .elementor-heading-title.elementor-size-large{font-size:29px}.elementor-widget-heading .elementor-heading-title.elementor-size-xl{font-size:39px}.elementor-widget-heading .elementor-heading-title.elementor-size-xxl{font-size:59px}<\/style><h3 class=\"elementor-heading-title elementor-size-default\"><div class=\"elementor-element elementor-element-7458038 elementor-widget elementor-widget-heading\" data-id=\"7458038\" data-element_type=\"widget\" data-widget_type=\"heading.default\" style=\"--flex-direction: initial; --flex-wrap: initial; --justify-content: initial; --align-items: initial; --align-content: initial; --gap: initial; --flex-basis: initial; --flex-grow: initial; --flex-shrink: initial; --order: initial; --align-self: initial; flex-direction: var(--flex-direction); flex-wrap: var(--flex-wrap); -webkit-box-pack: var(--justify-content); justify-content: var(--justify-content); -webkit-box-align: var(--align-items); align-items: var(--align-items); align-content: var(--align-content); gap: var(--gap); flex-basis: var(--flex-basis); -webkit-box-flex: var(--flex-grow); flex-grow: var(--flex-grow); flex-shrink: var(--flex-shrink); -webkit-box-ordinal-group: var(--order); order: var(--order); align-self: var(--align-self); width: 779.983px; text-align: center; color: rgb(72, 76, 80); font-family: &quot;Work Sans&quot;, sans-serif; font-size: 17px; font-weight: 400; white-space: normal;\"><div class=\"elementor-widget-container\"><h2 class=\"elementor-heading-title elementor-size-default\" style=\"font-size: 2.05882rem;\">Politica de Calidad<\/h2><\/div><\/div><div class=\"elementor-element elementor-element-640ad8e elementor-widget elementor-widget-text-editor\" data-id=\"640ad8e\" data-element_type=\"widget\" data-widget_type=\"text-editor.default\" style=\"--flex-direction: initial; --flex-wrap: initial; --justify-content: initial; --align-items: initial; --align-content: initial; --gap: initial; --flex-basis: initial; --flex-grow: initial; --flex-shrink: initial; --order: initial; --align-self: initial; flex-direction: var(--flex-direction); flex-wrap: var(--flex-wrap); -webkit-box-pack: var(--justify-content); justify-content: var(--justify-content); -webkit-box-align: var(--align-items); align-items: var(--align-items); align-content: var(--align-content); gap: var(--gap); flex-basis: var(--flex-basis); -webkit-box-flex: var(--flex-grow); flex-grow: var(--flex-grow); flex-shrink: var(--flex-shrink); -webkit-box-ordinal-group: var(--order); order: var(--order); align-self: var(--align-self); width: 779.983px; font-size: 20px; color: rgb(72, 76, 80); font-family: &quot;Work Sans&quot;, sans-serif; font-weight: 400; white-space: normal;\"><div class=\"elementor-widget-container\"><p style=\"font-size: 20px;\"><span style=\"font-weight: 700;\">All Clean S.A<\/span>.<span class=\"\">&nbsp;es una empresa que lleva en el mercado con m\u00e1s de 30 a\u00f1os de experiencia adquiriendo los conocimientos necesarios para brindar servicio de limpieza, cafeter\u00eda y jardiner\u00eda de excelente calidad y confiabilidad. Contamos con un<\/span><span class=\"\">&nbsp;<\/span>Sistema de Gesti\u00f3n de calidad<span class=\"\">&nbsp;basado en la norma ISO 9001, con el cual nos comprometemos a:<\/span><\/p><p style=\"font-size: 20px;\"><span style=\"font-weight: 700;\">1- SUPERVISI\u00d3N Y OPERACI\u00d3N EFICIENTE<\/span>:<\/p><p style=\"font-size: 20px;\">Brindar a nuestros clientes una constante supervisi\u00f3n profesional, oportuna y de alta calidad.<\/p><p style=\"font-size: 20px;\"><br><span style=\"font-weight: 700;\">2- COMUNICACION:<\/span><\/p><p style=\"font-size: 20px;\">Mantener una comunicaci\u00f3n estrecha y efectiva, que nos permita determinar sus necesidades y expectativas para asegurarnos que sean atendidas con la mayor calidad posible.<\/p><p style=\"font-size: 20px;\"><br><span style=\"font-weight: 700;\">3- PERSONAL CAPACITADO:<\/span><\/p><p style=\"font-size: 20px;\">Dise\u00f1ar el programa anual de capacitaci\u00f3n, entrenamiento y desarrollo, para los integrantes de la empresa, otorgando prioridad a la operaci\u00f3n.<\/p><p style=\"font-size: 20px;\"><span style=\"font-weight: 700;\">4- MEJORA CONTINUA:<\/span><\/p><p style=\"font-size: 20px;\">Trabajar la eficacia del sistema de gesti\u00f3n de calidad enfoc\u00e1ndonos en los procesos de la empresa para aumentar la satisfacci\u00f3n del cliente.<\/p><p style=\"font-size: 20px;\"><span class=\"\">La direcci\u00f3n de&nbsp;<\/span><span style=\"font-weight: 700;\">ALL CLEAN S.A<\/span>. conjuntamente con el personal, entiende que todos debemos comprometernos en la implementaci\u00f3n de esta pol\u00edtica.<\/p><\/div><\/div><\/h3>\t\t<\/div>\n\t\t\t\t<\/div>\n\t\t\t\t\t<\/div>\n\t\t<\/div>\n\t\t\t\t<div class=\"elementor-column elementor-col-33 elementor-top-column elementor-element elementor-element-557f318\" data-id=\"557f318\" data-element_type=\"column\">\n\t\t\t<div class=\"elementor-widget-wrap elementor-element-populated\">\n\t\t\t\t\t\t\t\t<div class=\"elementor-element elementor-element-b16ba38 elementor-widget elementor-widget-spacer\" data-id=\"b16ba38\" data-element_type=\"widget\" data-widget_type=\"spacer.default\">\n\t\t\t\t<div class=\"elementor-widget-container\">\n\t\t\t<style>\/*! elementor - v3.6.5 - 27-04-2022 *\/\n.e-container.e-container--row .elementor-spacer-inner{width:var(--spacer-size)}.e-container.e-container--column .elementor-spacer-inner,.elementor-column .elementor-spacer-inner{height:var(--spacer-size)}<\/style>\t\t<div class=\"elementor-spacer\">\n\t\t\t<div class=\"elementor-spacer-inner\"><\/div>\n\t\t<\/div>\n\t\t\t\t<\/div>\n\t\t\t\t<\/div>\n\t\t\t\t<div class=\"elementor-element elementor-element-82949f5 elementor-widget elementor-widget-image\" data-id=\"82949f5\" data-element_type=\"widget\" data-widget_type=\"image.default\">\n\t\t\t\t<div class=\"elementor-widget-container\">\n\t\t\t<style>\/*! elementor - v3.6.5 - 27-04-2022 *\/\n.elementor-widget-image{text-align:center}.elementor-widget-image a{display:inline-block}.elementor-widget-image a img[src$=\".svg\"]{width:48px}.elementor-widget-image img{vertical-align:middle;display:inline-block}<\/style>\t\t\t\t\t\t\t\t\t\t\t\t<img loading=\"lazy\" decoding=\"async\" width=\"1707\" height=\"2560\" src=\"http:\/\/allcleansa.xyz\/wp-content\/uploads\/2022\/02\/limp-scaled.jpg\" class=\"attachment-full size-full\" alt=\"\" srcset=\"http:\/\/allcleansa.xyz\/wp-content\/uploads\/2022\/02\/limp-scaled.jpg 1707w, http:\/\/allcleansa.xyz\/wp-content\/uploads\/2022\/02\/limp-200x300.jpg 200w, http:\/\/allcleansa.xyz\/wp-content\/uploads\/2022\/02\/limp-683x1024.jpg 683w, http:\/\/allcleansa.xyz\/wp-content\/uploads\/2022\/02\/limp-768x1152.jpg 768w, http:\/\/allcleansa.xyz\/wp-content\/uploads\/2022\/02\/limp-1024x1536.jpg 1024w, http:\/\/allcleansa.xyz\/wp-content\/uploads\/2022\/02\/limp-1365x2048.jpg 1365w\" sizes=\"auto, (max-width: 1707px) 100vw, 1707px\" \/>\t\t\t\t\t\t\t\t\t\t\t\t\t\t\t<\/div>\n\t\t\t\t<\/div>\n\t\t\t\t\t<\/div>\n\t\t<\/div>\n\t\t\t\t\t\t\t<\/div>\n\t\t<\/section>\n\t\t\t\t<section class=\"elementor-section elementor-top-section elementor-element elementor-element-7a3d74e elementor-section-boxed elementor-section-height-default elementor-section-height-default\" data-id=\"7a3d74e\" data-element_type=\"section\" data-settings=\"{&quot;background_background&quot;:&quot;classic&quot;}\">\n\t\t\t\t\t\t<div class=\"elementor-container elementor-column-gap-default\">\n\t\t\t\t\t<div class=\"elementor-column elementor-col-33 elementor-top-column elementor-element elementor-element-93599ac\" data-id=\"93599ac\" data-element_type=\"column\">\n\t\t\t<div class=\"elementor-widget-wrap elementor-element-populated\">\n\t\t\t\t\t\t\t\t<div class=\"elementor-element elementor-element-4c90a06 elementor-widget elementor-widget-image\" data-id=\"4c90a06\" data-element_type=\"widget\" data-widget_type=\"image.default\">\n\t\t\t\t<div class=\"elementor-widget-container\">\n\t\t\t\t\t\t\t\t\t\t\t\t\t\t\t<img loading=\"lazy\" decoding=\"async\" width=\"1024\" height=\"683\" src=\"http:\/\/allcleansa.xyz\/wp-content\/uploads\/2022\/02\/tecnologia-limpieza.jpg\" class=\"attachment-full size-full\" alt=\"\" srcset=\"http:\/\/allcleansa.xyz\/wp-content\/uploads\/2022\/02\/tecnologia-limpieza.jpg 1024w, http:\/\/allcleansa.xyz\/wp-content\/uploads\/2022\/02\/tecnologia-limpieza-300x200.jpg 300w, http:\/\/allcleansa.xyz\/wp-content\/uploads\/2022\/02\/tecnologia-limpieza-768x512.jpg 768w\" sizes=\"auto, (max-width: 1024px) 100vw, 1024px\" \/>\t\t\t\t\t\t\t\t\t\t\t\t\t\t\t<\/div>\n\t\t\t\t<\/div>\n\t\t\t\t\t<\/div>\n\t\t<\/div>\n\t\t\t\t<div class=\"elementor-column elementor-col-66 elementor-top-column elementor-element elementor-element-61d1591\" data-id=\"61d1591\" data-element_type=\"column\">\n\t\t\t<div class=\"elementor-widget-wrap elementor-element-populated\">\n\t\t\t\t\t\t\t\t<div class=\"elementor-element elementor-element-8f7e4f5 elementor-widget elementor-widget-spacer\" data-id=\"8f7e4f5\" data-element_type=\"widget\" data-widget_type=\"spacer.default\">\n\t\t\t\t<div class=\"elementor-widget-container\">\n\t\t\t\t\t<div class=\"elementor-spacer\">\n\t\t\t<div class=\"elementor-spacer-inner\"><\/div>\n\t\t<\/div>\n\t\t\t\t<\/div>\n\t\t\t\t<\/div>\n\t\t\t\t<div class=\"elementor-element elementor-element-1d9dfe8 elementor-widget elementor-widget-heading\" data-id=\"1d9dfe8\" data-element_type=\"widget\" data-widget_type=\"heading.default\">\n\t\t\t\t<div class=\"elementor-widget-container\">\n\t\t\t<h2 class=\"elementor-heading-title elementor-size-default\">TECNOLOG\u00cdA<\/h2>\t\t<\/div>\n\t\t\t\t<\/div>\n\t\t\t\t<div class=\"elementor-element elementor-element-1169567 elementor-widget elementor-widget-text-editor\" data-id=\"1169567\" data-element_type=\"widget\" data-widget_type=\"text-editor.default\">\n\t\t\t\t<div class=\"elementor-widget-container\">\n\t\t\t<style>\/*! elementor - v3.6.5 - 27-04-2022 *\/\n.elementor-widget-text-editor.elementor-drop-cap-view-stacked .elementor-drop-cap{background-color:#818a91;color:#fff}.elementor-widget-text-editor.elementor-drop-cap-view-framed .elementor-drop-cap{color:#818a91;border:3px solid;background-color:transparent}.elementor-widget-text-editor:not(.elementor-drop-cap-view-default) .elementor-drop-cap{margin-top:8px}.elementor-widget-text-editor:not(.elementor-drop-cap-view-default) .elementor-drop-cap-letter{width:1em;height:1em}.elementor-widget-text-editor .elementor-drop-cap{float:left;text-align:center;line-height:1;font-size:50px}.elementor-widget-text-editor .elementor-drop-cap-letter{display:inline-block}<\/style>\t\t\t\t<p>Disponemos de equipos y maquinarias de limpieza de alta tecnolog\u00eda, que mejoran los resultados finales y la productividad de nuestros colaboradores<\/p>\t\t\t\t\t\t<\/div>\n\t\t\t\t<\/div>\n\t\t\t\t\t<\/div>\n\t\t<\/div>\n\t\t\t\t\t\t\t<\/div>\n\t\t<\/section>\n\t\t\t\t<section class=\"elementor-section elementor-top-section elementor-element elementor-element-a7af3ae elementor-section-boxed elementor-section-height-default elementor-section-height-default\" data-id=\"a7af3ae\" data-element_type=\"section\">\n\t\t\t\t\t\t<div class=\"elementor-container elementor-column-gap-default\">\n\t\t\t\t\t<div class=\"elementor-column elementor-col-100 elementor-top-column elementor-element elementor-element-9529dfe\" data-id=\"9529dfe\" data-element_type=\"column\">\n\t\t\t<div class=\"elementor-widget-wrap elementor-element-populated\">\n\t\t\t\t\t\t\t\t<div class=\"elementor-element elementor-element-158ce1a elementor-widget elementor-widget-spacer\" data-id=\"158ce1a\" data-element_type=\"widget\" data-widget_type=\"spacer.default\">\n\t\t\t\t<div class=\"elementor-widget-container\">\n\t\t\t\t\t<div class=\"elementor-spacer\">\n\t\t\t<div class=\"elementor-spacer-inner\"><\/div>\n\t\t<\/div>\n\t\t\t\t<\/div>\n\t\t\t\t<\/div>\n\t\t\t\t\t<\/div>\n\t\t<\/div>\n\t\t\t\t\t\t\t<\/div>\n\t\t<\/section>\n\t\t\t\t<section class=\"elementor-section elementor-top-section elementor-element elementor-element-0379e33 elementor-section-content-middle elementor-reverse-mobile elementor-section-boxed elementor-section-height-default elementor-section-height-default\" data-id=\"0379e33\" data-element_type=\"section\" data-settings=\"{&quot;background_background&quot;:&quot;gradient&quot;}\">\n\t\t\t\t\t\t<div class=\"elementor-container elementor-column-gap-no\">\n\t\t\t\t\t<div class=\"elementor-column elementor-col-50 elementor-top-column elementor-element elementor-element-adf552c\" data-id=\"adf552c\" data-element_type=\"column\" data-settings=\"{&quot;background_background&quot;:&quot;classic&quot;}\">\n\t\t\t<div class=\"elementor-widget-wrap elementor-element-populated\">\n\t\t\t\t\t<div class=\"elementor-background-overlay\"><\/div>\n\t\t\t\t\t\t\t\t<div class=\"elementor-element elementor-element-ec8449b elementor-widget elementor-widget-heading\" data-id=\"ec8449b\" data-element_type=\"widget\" data-widget_type=\"heading.default\">\n\t\t\t\t<div class=\"elementor-widget-container\">\n\t\t\t<h2 class=\"elementor-heading-title elementor-size-default\">\u00bfPor qu\u00e9 elegirnos?<\/h2>\t\t<\/div>\n\t\t\t\t<\/div>\n\t\t\t\t<div class=\"elementor-element elementor-element-71d6426 elementor-widget elementor-widget-text-editor\" data-id=\"71d6426\" data-element_type=\"widget\" data-widget_type=\"text-editor.default\">\n\t\t\t\t<div class=\"elementor-widget-container\">\n\t\t\t\t\t\t\t<p>La satisfacci\u00f3n de nuestros clientes es nuestra premisa principal y el pilar fundamental de nuestra filosof\u00eda empresarial.<\/p>\t\t\t\t\t\t<\/div>\n\t\t\t\t<\/div>\n\t\t\t\t\t<\/div>\n\t\t<\/div>\n\t\t\t\t<div class=\"elementor-column elementor-col-50 elementor-top-column elementor-element elementor-element-5643794\" data-id=\"5643794\" data-element_type=\"column\" data-settings=\"{&quot;background_background&quot;:&quot;classic&quot;}\">\n\t\t\t<div class=\"elementor-widget-wrap elementor-element-populated\">\n\t\t\t\t\t\t\t\t<div class=\"elementor-element elementor-element-9e493d9 elementor-widget elementor-widget-image\" data-id=\"9e493d9\" data-element_type=\"widget\" data-widget_type=\"image.default\">\n\t\t\t\t<div class=\"elementor-widget-container\">\n\t\t\t\t\t\t\t\t\t\t\t\t\t\t\t<img loading=\"lazy\" decoding=\"async\" width=\"2560\" height=\"1707\" src=\"http:\/\/allcleansa.xyz\/wp-content\/uploads\/2022\/01\/men-shake-hands-enclosure-of-business-agreement-understanding-between-business-partners-scaled.jpg\" class=\"attachment-full size-full\" alt=\"\" srcset=\"http:\/\/allcleansa.xyz\/wp-content\/uploads\/2022\/01\/men-shake-hands-enclosure-of-business-agreement-understanding-between-business-partners-scaled.jpg 2560w, http:\/\/allcleansa.xyz\/wp-content\/uploads\/2022\/01\/men-shake-hands-enclosure-of-business-agreement-understanding-between-business-partners-300x200.jpg 300w, http:\/\/allcleansa.xyz\/wp-content\/uploads\/2022\/01\/men-shake-hands-enclosure-of-business-agreement-understanding-between-business-partners-1024x683.jpg 1024w, http:\/\/allcleansa.xyz\/wp-content\/uploads\/2022\/01\/men-shake-hands-enclosure-of-business-agreement-understanding-between-business-partners-768x512.jpg 768w, http:\/\/allcleansa.xyz\/wp-content\/uploads\/2022\/01\/men-shake-hands-enclosure-of-business-agreement-understanding-between-business-partners-1536x1024.jpg 1536w, http:\/\/allcleansa.xyz\/wp-content\/uploads\/2022\/01\/men-shake-hands-enclosure-of-business-agreement-understanding-between-business-partners-2048x1365.jpg 2048w\" sizes=\"auto, (max-width: 2560px) 100vw, 2560px\" \/>\t\t\t\t\t\t\t\t\t\t\t\t\t\t\t<\/div>\n\t\t\t\t<\/div>\n\t\t\t\t\t<\/div>\n\t\t<\/div>\n\t\t\t\t\t\t\t<\/div>\n\t\t<\/section>\n\t\t\t\t<section class=\"elementor-section elementor-top-section elementor-element elementor-element-8d11d91 elementor-section-boxed elementor-section-height-default elementor-section-height-default\" data-id=\"8d11d91\" data-element_type=\"section\">\n\t\t\t\t\t\t<div class=\"elementor-container elementor-column-gap-no\">\n\t\t\t\t\t<div class=\"elementor-column elementor-col-100 elementor-top-column elementor-element elementor-element-1495ad8\" data-id=\"1495ad8\" data-element_type=\"column\">\n\t\t\t<div class=\"elementor-widget-wrap\">\n\t\t\t\t\t\t\t\t\t<\/div>\n\t\t<\/div>\n\t\t\t\t\t\t\t<\/div>\n\t\t<\/section>\n\t\t\t\t\t\t\t<\/div>\n\t\t","protected":false},"excerpt":{"rendered":"<p>Politicas de Calidad Politica de Calidad All Clean S.A.&nbsp;es una empresa que lleva en el mercado con m\u00e1s de 30 a\u00f1os de experiencia adquiriendo los conocimientos necesarios para brindar servicio de limpieza, cafeter\u00eda y jardiner\u00eda de excelente calidad y confiabilidad. Contamos con un&nbsp;Sistema de Gesti\u00f3n de calidad&nbsp;basado en la norma ISO 9001, con el cual &hellip;<\/p>\n<p class=\"read-more\"> <a class=\"\" href=\"http:\/\/allcleansa.xyz\/?page_id=1265\"> <span class=\"screen-reader-text\">Politicas de Calidad<\/span> Read More &raquo;<\/a><\/p>\n","protected":false},"author":1,"featured_media":0,"parent":0,"menu_order":0,"comment_status":"closed","ping_status":"closed","template":"","meta":{"om_disable_all_campaigns":false,"_mi_skip_tracking":false,"site-sidebar-layout":"no-sidebar","site-content-layout":"page-builder","ast-main-header-display":"","ast-hfb-above-header-display":"","ast-hfb-below-header-display":"","ast-hfb-mobile-header-display":"","site-post-title":"disabled","ast-breadcrumbs-content":"","ast-featured-img":"disabled","footer-sml-layout":"","theme-transparent-header-meta":"enabled","adv-header-id-meta":"","stick-header-meta":"","header-above-stick-meta":"","header-main-stick-meta":"","header-below-stick-meta":"","footnotes":""},"class_list":["post-1265","page","type-page","status-publish","hentry"],"_links":{"self":[{"href":"http:\/\/allcleansa.xyz\/index.php?rest_route=\/wp\/v2\/pages\/1265","targetHints":{"allow":["GET"]}}],"collection":[{"href":"http:\/\/allcleansa.xyz\/index.php?rest_route=\/wp\/v2\/pages"}],"about":[{"href":"http:\/\/allcleansa.xyz\/index.php?rest_route=\/wp\/v2\/types\/page"}],"author":[{"embeddable":true,"href":"http:\/\/allcleansa.xyz\/index.php?rest_route=\/wp\/v2\/users\/1"}],"replies":[{"embeddable":true,"href":"http:\/\/allcleansa.xyz\/index.php?rest_route=%2Fwp%2Fv2%2Fcomments&post=1265"}],"version-history":[{"count":7,"href":"http:\/\/allcleansa.xyz\/index.php?rest_route=\/wp\/v2\/pages\/1265\/revisions"}],"predecessor-version":[{"id":1273,"href":"http:\/\/allcleansa.xyz\/index.php?rest_route=\/wp\/v2\/pages\/1265\/revisions\/1273"}],"wp:attachment":[{"href":"http:\/\/allcleansa.xyz\/index.php?rest_route=%2Fwp%2Fv2%2Fmedia&parent=1265"}],"curies":[{"name":"wp","href":"https:\/\/api.w.org\/{rel}","templated":true}]}}